{"id":16,"date":"2008-03-05T21:26:45","date_gmt":"2008-03-05T21:26:45","guid":{"rendered":"https:\/\/historischer-verein-lebach.info\/?page_id=16"},"modified":"2022-02-05T20:55:41","modified_gmt":"2022-02-05T19:55:41","slug":"beitrittserklarung","status":"publish","type":"page","link":"https:\/\/hv-lebach.de\/?page_id=16","title":{"rendered":"Mitgliedschaft"},"content":{"rendered":"<p style=\"text-align: justify;\"><span style=\"color: #000000;\">Wenn Sie Mitglied im &#8222;Historischen Verein Lebach e.V.&#8220; werden wollen,&nbsp;dann f\u00fcllen Sie bitte das beigef\u00fcgte Formular aus und stimmen auch dem SEPA-Lastschriftverfahren zu.<\/span><\/p>\n<p style=\"text-align: justify;\"><span style=\"color: #000000;\">Der Jahresmitgliedsbeitrag betr\u00e4gt 24 Euro.<\/span><\/p>\n<p style=\"text-align: justify;\">Schicken Sie bitte die ausgef\u00fcllte <strong><span style=\"color: #0000ff;\"><a class=\"wpGallery\" title=\"Beitrittserkl\u00e4rung\" href=\"https:\/\/hv-lebach.de\/HVL\/Aufnahmeantrag_Sepa-Erklaerung.pdf\" target=\"_blank\" rel=\"noopener\"><span style=\"color: #0000ff;\">Beitrittserkl\u00e4rung<\/span><\/a><\/span><\/strong> bei Einverst\u00e4ndnis mit dem SEPA-Lastschriftverfahren an folgende Postadresse:<\/p>\n<p style=\"text-align: justify;\"><strong><em>Historischer Verein Lebach<br \/>\nVorsitzender Klaus Feld<br \/>\nHabacher Str. 12 * 66822 Lebach<\/em><\/strong><\/p>\n","protected":false},"excerpt":{"rendered":"<p>Wenn Sie Mitglied im &#8222;Historischen Verein Lebach e.V.&#8220; werden wollen,&nbsp;dann f\u00fcllen Sie bitte das beigef\u00fcgte Formular aus und stimmen auch dem SEPA-Lastschriftverfahren zu. Der Jahresmitgliedsbeitrag betr\u00e4gt 24 Euro. Schicken Sie bitte die ausgef\u00fcllte Beitrittserkl\u00e4rung bei Einverst\u00e4ndnis mit dem SEPA-Lastschriftverfahren an folgende Postadresse: Historischer Verein Lebach Vorsitzender Klaus Feld Habacher Str&#8230;.<\/p>\n","protected":false},"author":3,"featured_media":0,"parent":0,"menu_order":0,"comment_status":"closed","ping_status":"closed","template":"","meta":{"ngg_post_thumbnail":0,"footnotes":""},"class_list":["post-16","page","type-page","status-publish","hentry"],"_links":{"self":[{"href":"https:\/\/hv-lebach.de\/index.php?rest_route=\/wp\/v2\/pages\/16","targetHints":{"allow":["GET"]}}],"collection":[{"href":"https:\/\/hv-lebach.de\/index.php?rest_route=\/wp\/v2\/pages"}],"about":[{"href":"https:\/\/hv-lebach.de\/index.php?rest_route=\/wp\/v2\/types\/page"}],"author":[{"embeddable":true,"href":"https:\/\/hv-lebach.de\/index.php?rest_route=\/wp\/v2\/users\/3"}],"replies":[{"embeddable":true,"href":"https:\/\/hv-lebach.de\/index.php?rest_route=%2Fwp%2Fv2%2Fcomments&post=16"}],"version-history":[{"count":11,"href":"https:\/\/hv-lebach.de\/index.php?rest_route=\/wp\/v2\/pages\/16\/revisions"}],"predecessor-version":[{"id":4173,"href":"https:\/\/hv-lebach.de\/index.php?rest_route=\/wp\/v2\/pages\/16\/revisions\/4173"}],"wp:attachment":[{"href":"https:\/\/hv-lebach.de\/index.php?rest_route=%2Fwp%2Fv2%2Fmedia&parent=16"}],"curies":[{"name":"wp","href":"https:\/\/api.w.org\/{rel}","templated":true}]}}