{"id":17,"date":"2008-03-20T17:07:59","date_gmt":"2008-03-20T17:07:59","guid":{"rendered":"https:\/\/historischer-verein-lebach.info\/?page_id=8"},"modified":"2009-08-21T14:11:48","modified_gmt":"2009-08-21T12:11:48","slug":"unsere-ziele","status":"publish","type":"page","link":"https:\/\/hv-lebach.de\/?page_id=17","title":{"rendered":"Satzung"},"content":{"rendered":"<p><strong>Satzung des Historischen Vereins Lebach<\/strong><\/p>\n<p>\u00a0<\/p>\n<p>\u00a7 1 <strong>Name, Aufgabe, Sitz<\/strong><\/p>\n<p align=\"justify\">Der Verein f\u00fchrt den Namen \u201eHistorischer Verein Lebach e.V.&#8220;<\/p>\n<p align=\"justify\">Er ist in das Vereinsregister einzutragen.<\/p>\n<p align=\"justify\">Sitz des Vereins ist Lebach.<\/p>\n<p align=\"justify\">Der Verein verfolgt ausschlie\u00dflich und unmittelbar gemeinn\u00fctzige Zwecke im Sinne des Abschnitts \u201esteuerbeg\u00fcnstigte Zwecke&#8220; der Abgabenordnung (AO), und zwar insbesondere durch Erforschung der Heimatgeschichte, der Denkmalpflege und durch Auswertung der Forschungsergebnisse zum Nutzen der Lebacher B\u00fcrger.<br \/>\nEtwaige Gewinne d\u00fcrfen nur f\u00fcr die satzungsm\u00e4\u00dfigen Zwecke verwendet werden.<br \/>\nMitglieder erhalten weder Gewinnanteile noch sonstige Zuwendungen aus den Mitteln des Vereins.<\/p>\n<p align=\"justify\">\u00a0<\/p>\n<p align=\"justify\">\u00a7 2 <strong>Arbeitsweise des Vereins<\/strong><\/p>\n<p align=\"justify\">Zur Erledigung der Vereinsaufgaben k\u00f6nnen Arbeitsgruppen gebildet werden.<br \/>\nOrganisation und Arbeitsweise der Arbeitsgruppen werden vom Vorstand festgelegt.<\/p>\n<p align=\"justify\">Der Verein ist selbstlos t\u00e4tig; er verfolgt nicht in erster Linie eigenwirtschaftliche Zwecke.<\/p>\n<p align=\"justify\">\u00a0<\/p>\n<p align=\"justify\">\u00a7 3 <strong>Mitgliedschaft und Beitr\u00e4ge<\/strong><\/p>\n<p>Mitglied des Vereins k\u00f6nnen nat\u00fcrliche und juristische Personen sein. Jedes Mitglied hat eine Stimme.<\/p>\n<p>Der Beitritt erfolgt durch schriftliche Erkl\u00e4rung. \u00dcber die Aufnahme entscheidet der Vorstand. Bei Ablehnung erfolgt eine schriftliche Begr\u00fcndung. Widerspruch dagegen kann schriftlich erhoben werden.<\/p>\n<p>Die endg\u00fcltige Entscheidung erfolgt dann in der n\u00e4chsten Mitgliederversammlung. Dem Aufnahmeantrag kann dann nur mit 2\/3 Mehrheit der anwesenden stimmberechtigten Mitglieder zugestimmt werden.<\/p>\n<p>Der Beitrag wird von der Mitgliederversammlung festgesetzt (\u00a7 7). Er betr\u00e4gt mindestens 24 \u20ac pro Jahr und wird durch Bankeinzug erhoben.<\/p>\n<p>Mittel des Vereins d\u00fcrfen nur f\u00fcr die satzungsgem\u00e4\u00dfen Zwecke verwendet werden. Die Mitglieder erhalten keine Zuwendungen aus Mitteln des Vereins.<\/p>\n<p>Es darf keine Person durch Ausgaben, die dem Zweck der K\u00f6rperschaft fremd sind, oder durch unverh\u00e4ltnism\u00e4\u00dfig hohe Verg\u00fctungen beg\u00fcnstigt werden.<\/p>\n<p>Ende der Mitgliedschaft:<\/p>\n<p align=\"justify\"><em>Die Mitgliedschaft erlischt durch freiwilligen Austritt, Ausschluss oder Tod.<\/em><\/p>\n<p align=\"justify\"><em>Der freiwillige Austritt kann jederzeit durch schriftliche Mitteilung an den Vorstand erfolgen. Der Mitgliedsbeitrag ist bis zum Ende des Kalenderjahres zu zahlen.<\/em><\/p>\n<p align=\"justify\"><em>Der Vorstand kann Mitglieder, die das Ansehen des Vereins sch\u00e4digen oder grob gegen das Vereinsinteresse versto\u00dfen, mit sofortiger Wirkung ausschlie\u00dfen.<\/em><\/p>\n<p align=\"justify\"><em>Mitglieder, die vom Vorstand ausgeschlossen wurden, steht die Berufung in der n\u00e4chsten Mitgliederversammlung zu. Dort ist eine 2\/3 Mehrheit notwendig, um den Vorstandsbeschluss aufzuheben.<\/em><\/p>\n<p align=\"justify\">\u00a0<\/p>\n<p align=\"justify\">\u00a7 4 <strong>Gesch\u00e4ftsjahr<\/strong><\/p>\n<p align=\"justify\">Gesch\u00e4ftsjahr ist das Kalenderjahr.<\/p>\n<p align=\"justify\">\u00a0<\/p>\n<p align=\"justify\">\u00a7 5 <strong>Organe des Vereins<\/strong><\/p>\n<p align=\"justify\">Organe des Vereins sind:<\/p>\n<p align=\"justify\"><em>Der Vorstand<br \/>\nDie Mitgliederversammlung<\/em><\/p>\n<p align=\"justify\">\u00a0<\/p>\n<p align=\"justify\">\u00a7 6 <strong>Vorstand<\/strong><\/p>\n<p align=\"justify\">Der Vorstand besteht aus:<\/p>\n<p align=\"justify\"><em>dem o. der Vorsitzenden, der\/die auch den Verein gerichtlich und au\u00dfergerichtlich vertritt;<br \/>\ndem\/ der stellvertretenden Vorsitzenden;<br \/>\ndem\/ der Schriftf\u00fchrer\/in;<br \/>\ndem\/ der Schatzmeister\/in und<br \/>\neiner ungeraden Zahl von Beisitzerinnen und Beisitzern, denen Aufgaben \u00fcbertragen werden.<\/em><\/p>\n<p align=\"justify\">Der Vorstand entscheidet \u00fcber alle Angelegenheiten des Vereins, soweit sie nicht der Mitgliederversammlung vorbehalten sind.<\/p>\n<p align=\"justify\">Er hat insbesondere Aufgaben:<\/p>\n<p align=\"justify\"><em>1. Entscheidung \u00fcber Aufnahme und Ausschluss von Mitgliedern<br \/>\n2. Vorbereitung der Mitgliederversammlung<\/em><\/p>\n<p align=\"justify\">Die Mitglieder des Vorstandes werden einzeln von der Mitgliederversammlung mit einfacher Stimmenmehrheit der Anwesenden auf die Dauer von 3 Jahren gew\u00e4hlt. Der Vorstand bleibt solange im Amt, bis ein neuer Vor-stand gew\u00e4hlt ist.<\/p>\n<p align=\"justify\">\u00a0<\/p>\n<p align=\"justify\">\u00a7 7 <strong>Mitgliederversammlung<\/strong><\/p>\n<p align=\"justify\">Die Mitgliederversammlung wird von dem Vorsitzenden nach Bedarf, mindestens jedoch einmal im Jahr unter Angabe der Tagesordnung, einberufen. Die Einladung ergeht durch Ver\u00f6ffentlichung im \u201eLebacher Anzeiger&#8220; und \u201eLebacher Wochenspiegel&#8220;. Sie ist au\u00dferdem einzuberufen, wenn mindestens 1\/4 der Mitglieder unter Angabe der Gr\u00fcnde dies schriftlich beantragen. Die Einladungsfrist betr\u00e4gt mindestens eine Woche.<\/p>\n<p align=\"justify\">Die Mitgliederversammlung hat insbesondere folgende Aufgaben:<\/p>\n<p align=\"justify\"><em>1. Wahl und Entlastung des Vorstandes<br \/>\n2. Wahl der Kassenpr\u00fcfer<br \/>\n3. Beschlussfassung \u00fcber die H\u00f6he der Mitgliedsbeitr\u00e4ge<br \/>\n4. Beschlussfassung \u00fcber die Schaffung und Aufl\u00f6sung von Vereinseinrichtungen<br \/>\n5. Beschlussfassung \u00fcber Satzungs\u00e4nderungen<br \/>\n6. Beschlussfassung \u00fcber die Aufl\u00f6sung des Vereins<br \/>\n7. Beschlussfassung \u00fcber die Aufnahme korrespondierender Mitglieder<br \/>\n8. Verleihung der Ehrenmitgliedschaft<br \/>\n9. Berufung in Bezug auf den Ausschluss eines Mitgliedes<\/em><\/p>\n<p align=\"justify\">\u00a0<\/p>\n<p align=\"justify\">\u00a7 8 <strong>Beschlussfassung und Wahlen<\/strong><\/p>\n<p align=\"justify\">Die Mitgliederversammlung ist bei ordnungsgem\u00e4\u00dfer Einladung beschlussf\u00e4hig. Beschl\u00fcsse werden mit einfacher Stimmenmehrheit der Anwesenden gefasst.<\/p>\n<p align=\"justify\">Beschl\u00fcsse \u00fcber die Beitragsfestsetzung bed\u00fcrfen einer 2\/3 Stimmenmehrheit der anwesenden Mitglieder.<\/p>\n<p align=\"justify\">Beschl\u00fcsse \u00fcber Satzungs\u00e4nderungen erfordern eine Stimmenmehrheit von 2\/3 der anwesenden Mitglieder. Das Gleiche gilt f\u00fcr den Beschluss \u00fcber die Aufl\u00f6sung des Vereins.<\/p>\n<p align=\"justify\">\u00dcber die Beschl\u00fcsse der Mitgliederversammlung sind Niederschriften anzufertigen, die von dem Vorsitzenden und einem hierzu bestimmten Vorstandsmitglied zu unterzeichnen sind.<\/p>\n<p align=\"justify\">\u00a0<\/p>\n<p align=\"justify\">\u00a7 9 <strong>Aufl\u00f6sung des Vereins<\/strong><\/p>\n<p align=\"justify\">Im Falle der Vereinsaufl\u00f6sung geht das Verm\u00f6gen in das Eigentum der Stadt Lebach \u00fcber, die es nur f\u00fcr Zwecke der Heimatforschung verwenden darf.<\/p>\n<p align=\"justify\">\u00a0<\/p>\n<p align=\"justify\">\u00a7 10<\/p>\n<p align=\"justify\">Im \u00dcbrigen gelten die Bestimmungen des B\u00fcrgerlichen Rechtes (vergl. \u00a7\u00a7 21 bb BGB).<\/p>\n<p align=\"justify\">\u00a0<\/p>\n<p align=\"justify\">Lebach, den 20. M\u00e4rz 2007<\/p>\n<p align=\"justify\">\u00a0<\/p>\n<p align=\"justify\">\u00c4nderung:<\/p>\n<p align=\"justify\">Lebach, den 29. August 2008<\/p>\n<p align=\"justify\">\u00a0<\/p>\n<p align=\"justify\">\u00a0<\/p>\n<p align=\"justify\"><span style=\"color: #888888;\"><a title=\"Satzung\" href=\"https:\/\/hv-lebach.de\/wp-content\/uploads\/2008\/vor02\/Verein\/080829_Satzungsaenderung.pdf\" target=\"_blank\">Hier ist die Satzung im PDF-Format zum Herunterladen eingestellt!<\/a><\/span><\/p>\n","protected":false},"excerpt":{"rendered":"<p>Satzung des Historischen Vereins Lebach \u00a0 \u00a7 1 Name, Aufgabe, Sitz Der Verein f\u00fchrt den Namen \u201eHistorischer Verein Lebach e.V.&#8220; Er ist in das Vereinsregister einzutragen. Sitz des Vereins ist Lebach. Der Verein verfolgt ausschlie\u00dflich und unmittelbar gemeinn\u00fctzige Zwecke im Sinne des Abschnitts \u201esteuerbeg\u00fcnstigte Zwecke&#8220; der Abgabenordnung (AO), und zwar&#8230;<\/p>\n","protected":false},"author":3,"featured_media":0,"parent":0,"menu_order":0,"comment_status":"closed","ping_status":"closed","template":"","meta":{"ngg_post_thumbnail":0,"footnotes":""},"class_list":["post-17","page","type-page","status-publish","hentry"],"_links":{"self":[{"href":"https:\/\/hv-lebach.de\/index.php?rest_route=\/wp\/v2\/pages\/17","targetHints":{"allow":["GET"]}}],"collection":[{"href":"https:\/\/hv-lebach.de\/index.php?rest_route=\/wp\/v2\/pages"}],"about":[{"href":"https:\/\/hv-lebach.de\/index.php?rest_route=\/wp\/v2\/types\/page"}],"author":[{"embeddable":true,"href":"https:\/\/hv-lebach.de\/index.php?rest_route=\/wp\/v2\/users\/3"}],"replies":[{"embeddable":true,"href":"https:\/\/hv-lebach.de\/index.php?rest_route=%2Fwp%2Fv2%2Fcomments&post=17"}],"version-history":[{"count":4,"href":"https:\/\/hv-lebach.de\/index.php?rest_route=\/wp\/v2\/pages\/17\/revisions"}],"predecessor-version":[{"id":158,"href":"https:\/\/hv-lebach.de\/index.php?rest_route=\/wp\/v2\/pages\/17\/revisions\/158"}],"wp:attachment":[{"href":"https:\/\/hv-lebach.de\/index.php?rest_route=%2Fwp%2Fv2%2Fmedia&parent=17"}],"curies":[{"name":"wp","href":"https:\/\/api.w.org\/{rel}","templated":true}]}}