{"id":4,"date":"2008-02-26T16:24:21","date_gmt":"2008-02-26T16:24:21","guid":{"rendered":"https:\/\/historischer-verein-lebach.info\/?page_id=4"},"modified":"2022-08-10T11:04:57","modified_gmt":"2022-08-10T09:04:57","slug":"impressum","status":"publish","type":"page","link":"https:\/\/hv-lebach.de\/?page_id=4","title":{"rendered":"Impressum und Datenschutz"},"content":{"rendered":"<h1>Historischer Verein Lebach e.V.<\/h1>\n<h1>p.A.:<\/h1>\n<h1>Klaus Feld, Vorsitzender<br \/>\nHabacher Str. 12<br \/>\n66822 Lebach<\/h1>\n<h1>Telefon: 06881 52541<br \/>\nE-Mail: <a href=\"mailto:klaus.feld@historischer-verein-lebach.de\"><span style=\"text-decoration: underline;\"><strong>klaus.feld(at)historischer-verein-lebach.de<\/strong><\/span><\/a><\/h1>\n<p>Homepage: <a href=\"https:\/\/www.hv-lebach.de\/\"><span style=\"color: #888888;\">https:\/\/hv-lebach.de<\/span><\/a><\/p>\n<p align=\"justify\">Der Eintrag des Historischen Vereins Lebach im <strong>Registergericht<\/strong> beim Amtsgericht Lebach ist erfolgt unter der Registernummer: VR <strong>3539<\/strong>.<br \/>\nInhaltlich <strong>Verantwortlicher<\/strong> gem\u00e4\u00df \u00a7 55 Abs. 2 Rundfunkstaatsvertrag RStV ist Klaus Feld, Vorsitzender (Anschrift wie oben).<\/p>\n<p align=\"justify\"><strong>Rechtshinweis<\/strong>:<br \/>\nDer Historische Verein Lebach e.V. pr\u00fcft und aktualisiert die Informationen auf ihren Websites st\u00e4ndig. Trotz aller Sorgfalt k\u00f6nnen sich die Daten inzwischen ver\u00e4ndert haben. Eine Haftung oder Garantie f\u00fcr die Aktualit\u00e4t, Richtigkeit und Vollst\u00e4ndigkeit der zur Verf\u00fcgung gestellten Informationen kann daher nicht \u00fcbernommen werden. Gleiches gilt auch f\u00fcr alle anderen Websites, auf die mittels Hyperlink verwiesen wird. Der Historische Verein Lebach e.V. ist f\u00fcr den Inhalt der Websites, die aufgrund einer solchen Verbindung erreicht werden, nicht verantwortlich. Des Weiteren beh\u00e4lt sich der Historische Verein Lebach e.V. das Recht vor, \u00c4nderungen oder Erg\u00e4nzungen der bereitgestellten Informationen vorzunehmen. Inhalt, Struktur und Erscheinungsbild der Websites des Historischen Vereins Lebach e.V. sind urheberrechtlich gesch\u00fctzt.<\/p>\n<p align=\"justify\"><strong>Copyright<\/strong>:<br \/>\nAlle Texte, alle Fotos, alle Gestaltungselemente dieses Servers sind &#8211; sofern nicht ein anderes Copyright angegeben ist &#8211; f\u00fcr den Herausgeber urheberrechtlich gesch\u00fctzt. Jede Verwertung au\u00dferhalb der engen Grenzen des Urheberrechtsgesetzes ist ohne Zustimmung des Herausgebers unzul\u00e4ssig.<\/p>\n<p align=\"justify\"><strong>Datenschutz:<br \/>\n<a href=\"https:\/\/hv-lebach.de\/wp-content\/uploads\/2020\/02\/Datenschutzerklaerung_S1.jpg\" target=\"_blank\" rel=\"noopener noreferrer\"><img loading=\"lazy\" decoding=\"async\" class=\"aligncenter wp-image-3162 size-large\" src=\"https:\/\/hv-lebach.de\/wp-content\/uploads\/2020\/02\/Datenschutzerklaerung_S1-724x1024.jpg\" alt=\"\" width=\"584\" height=\"826\" srcset=\"https:\/\/hv-lebach.de\/wp-content\/uploads\/2020\/02\/Datenschutzerklaerung_S1-724x1024.jpg 724w, https:\/\/hv-lebach.de\/wp-content\/uploads\/2020\/02\/Datenschutzerklaerung_S1-212x300.jpg 212w, https:\/\/hv-lebach.de\/wp-content\/uploads\/2020\/02\/Datenschutzerklaerung_S1-768x1086.jpg 768w, https:\/\/hv-lebach.de\/wp-content\/uploads\/2020\/02\/Datenschutzerklaerung_S1-1086x1536.jpg 1086w, https:\/\/hv-lebach.de\/wp-content\/uploads\/2020\/02\/Datenschutzerklaerung_S1-1448x2048.jpg 1448w, https:\/\/hv-lebach.de\/wp-content\/uploads\/2020\/02\/Datenschutzerklaerung_S1.jpg 1653w\" sizes=\"auto, (max-width: 584px) 100vw, 584px\" \/><\/a>&nbsp;<a href=\"https:\/\/hv-lebach.de\/wp-content\/uploads\/2018\/05\/180525_Datenschutzerklaerung_Page_2.jpeg\" target=\"_blank\" rel=\"noopener noreferrer\"><img loading=\"lazy\" decoding=\"async\" class=\"aligncenter wp-image-2897 size-large\" src=\"https:\/\/hv-lebach.de\/wp-content\/uploads\/2018\/05\/180525_Datenschutzerklaerung_Page_2-724x1024.jpeg\" alt=\"\" width=\"584\" height=\"826\" srcset=\"https:\/\/hv-lebach.de\/wp-content\/uploads\/2018\/05\/180525_Datenschutzerklaerung_Page_2-724x1024.jpeg 724w, https:\/\/hv-lebach.de\/wp-content\/uploads\/2018\/05\/180525_Datenschutzerklaerung_Page_2-212x300.jpeg 212w, https:\/\/hv-lebach.de\/wp-content\/uploads\/2018\/05\/180525_Datenschutzerklaerung_Page_2-768x1086.jpeg 768w, https:\/\/hv-lebach.de\/wp-content\/uploads\/2018\/05\/180525_Datenschutzerklaerung_Page_2.jpeg 1653w\" sizes=\"auto, (max-width: 584px) 100vw, 584px\" \/><\/a> <a href=\"https:\/\/hv-lebach.de\/wp-content\/uploads\/2018\/05\/180525_Datenschutzerklaerung_Page_3.jpeg\" target=\"_blank\" rel=\"noopener noreferrer\"><img loading=\"lazy\" decoding=\"async\" class=\"aligncenter wp-image-2898 size-large\" src=\"https:\/\/hv-lebach.de\/wp-content\/uploads\/2018\/05\/180525_Datenschutzerklaerung_Page_3-724x1024.jpeg\" alt=\"\" width=\"584\" height=\"826\" srcset=\"https:\/\/hv-lebach.de\/wp-content\/uploads\/2018\/05\/180525_Datenschutzerklaerung_Page_3-724x1024.jpeg 724w, https:\/\/hv-lebach.de\/wp-content\/uploads\/2018\/05\/180525_Datenschutzerklaerung_Page_3-212x300.jpeg 212w, https:\/\/hv-lebach.de\/wp-content\/uploads\/2018\/05\/180525_Datenschutzerklaerung_Page_3-768x1086.jpeg 768w, https:\/\/hv-lebach.de\/wp-content\/uploads\/2018\/05\/180525_Datenschutzerklaerung_Page_3.jpeg 1653w\" sizes=\"auto, (max-width: 584px) 100vw, 584px\" \/><\/a> <a href=\"https:\/\/hv-lebach.de\/wp-content\/uploads\/2018\/05\/180525_Datenschutzerklaerung_Page_4.jpeg\" target=\"_blank\" rel=\"noopener noreferrer\"><img loading=\"lazy\" decoding=\"async\" class=\"aligncenter wp-image-2899 size-large\" src=\"https:\/\/hv-lebach.de\/wp-content\/uploads\/2018\/05\/180525_Datenschutzerklaerung_Page_4-724x1024.jpeg\" alt=\"\" width=\"584\" height=\"826\" srcset=\"https:\/\/hv-lebach.de\/wp-content\/uploads\/2018\/05\/180525_Datenschutzerklaerung_Page_4-724x1024.jpeg 724w, https:\/\/hv-lebach.de\/wp-content\/uploads\/2018\/05\/180525_Datenschutzerklaerung_Page_4-212x300.jpeg 212w, https:\/\/hv-lebach.de\/wp-content\/uploads\/2018\/05\/180525_Datenschutzerklaerung_Page_4-768x1086.jpeg 768w, https:\/\/hv-lebach.de\/wp-content\/uploads\/2018\/05\/180525_Datenschutzerklaerung_Page_4.jpeg 1653w\" sizes=\"auto, (max-width: 584px) 100vw, 584px\" \/><\/a> <a href=\"https:\/\/hv-lebach.de\/wp-content\/uploads\/2020\/02\/Datenschutzerklaerung_S5.jpg\" target=\"_blank\" rel=\"noopener noreferrer\"><img loading=\"lazy\" decoding=\"async\" class=\"aligncenter wp-image-3164 size-large\" src=\"https:\/\/hv-lebach.de\/wp-content\/uploads\/2020\/02\/Datenschutzerklaerung_S5-724x1024.jpg\" alt=\"\" width=\"584\" height=\"826\" srcset=\"https:\/\/hv-lebach.de\/wp-content\/uploads\/2020\/02\/Datenschutzerklaerung_S5-724x1024.jpg 724w, https:\/\/hv-lebach.de\/wp-content\/uploads\/2020\/02\/Datenschutzerklaerung_S5-212x300.jpg 212w, https:\/\/hv-lebach.de\/wp-content\/uploads\/2020\/02\/Datenschutzerklaerung_S5-768x1086.jpg 768w, https:\/\/hv-lebach.de\/wp-content\/uploads\/2020\/02\/Datenschutzerklaerung_S5-1086x1536.jpg 1086w, https:\/\/hv-lebach.de\/wp-content\/uploads\/2020\/02\/Datenschutzerklaerung_S5-1448x2048.jpg 1448w, https:\/\/hv-lebach.de\/wp-content\/uploads\/2020\/02\/Datenschutzerklaerung_S5.jpg 1653w\" sizes=\"auto, (max-width: 584px) 100vw, 584px\" \/><\/a><br \/>\n<\/strong><\/p>\n<p align=\"justify\">&nbsp;<\/p>\n","protected":false},"excerpt":{"rendered":"<p>Historischer Verein Lebach e.V. p.A.: Klaus Feld, Vorsitzender Habacher Str. 12 66822 Lebach Telefon: 06881 52541 E-Mail: klaus.feld(at)historischer-verein-lebach.de Homepage: https:\/\/hv-lebach.de Der Eintrag des Historischen Vereins Lebach im Registergericht beim Amtsgericht Lebach ist erfolgt unter der Registernummer: VR 3539. Inhaltlich Verantwortlicher gem\u00e4\u00df \u00a7 55 Abs. 2 Rundfunkstaatsvertrag RStV ist Klaus Feld,&#8230;<\/p>\n","protected":false},"author":3,"featured_media":0,"parent":0,"menu_order":100,"comment_status":"closed","ping_status":"closed","template":"","meta":{"ngg_post_thumbnail":0,"footnotes":""},"class_list":["post-4","page","type-page","status-publish","hentry"],"_links":{"self":[{"href":"https:\/\/hv-lebach.de\/index.php?rest_route=\/wp\/v2\/pages\/4","targetHints":{"allow":["GET"]}}],"collection":[{"href":"https:\/\/hv-lebach.de\/index.php?rest_route=\/wp\/v2\/pages"}],"about":[{"href":"https:\/\/hv-lebach.de\/index.php?rest_route=\/wp\/v2\/types\/page"}],"author":[{"embeddable":true,"href":"https:\/\/hv-lebach.de\/index.php?rest_route=\/wp\/v2\/users\/3"}],"replies":[{"embeddable":true,"href":"https:\/\/hv-lebach.de\/index.php?rest_route=%2Fwp%2Fv2%2Fcomments&post=4"}],"version-history":[{"count":14,"href":"https:\/\/hv-lebach.de\/index.php?rest_route=\/wp\/v2\/pages\/4\/revisions"}],"predecessor-version":[{"id":4317,"href":"https:\/\/hv-lebach.de\/index.php?rest_route=\/wp\/v2\/pages\/4\/revisions\/4317"}],"wp:attachment":[{"href":"https:\/\/hv-lebach.de\/index.php?rest_route=%2Fwp%2Fv2%2Fmedia&parent=4"}],"curies":[{"name":"wp","href":"https:\/\/api.w.org\/{rel}","templated":true}]}}